{"id":292,"date":"2020-02-23T18:52:05","date_gmt":"2020-02-23T17:52:05","guid":{"rendered":"http:\/\/www.frederic-chopin-jazz.com\/mf628434-ovh\/?page_id=292"},"modified":"2020-02-29T12:26:55","modified_gmt":"2020-02-29T11:26:55","slug":"concert-de-pienture","status":"publish","type":"page","link":"https:\/\/www.frederic-chopin-jazz.com\/mf628434-ovh\/?page_id=292","title":{"rendered":"CONCERTS DE PEINTURE\u00ae"},"content":{"rendered":"\n<p class=\"has-text-align-left\"><strong>Mathias Duhamel &amp; Fr\u00e9d\u00e9ric Chopin Jazz Project<\/strong><br><\/p>\n\n\n\n<figure class=\"wp-block-image size-large\"><img loading=\"lazy\" width=\"740\" height=\"509\" src=\"http:\/\/www.frederic-chopin-jazz.com\/mf628434-ovh\/wp-content\/uploads\/2020\/02\/mathias-duhamel-2.jpg\" alt=\"Mathias Duhamel, piero iannetti, avec Fr\u00e9d\u00e9ric Chopin jazz project, concerts de peinture\" class=\"wp-image-293\" srcset=\"https:\/\/www.frederic-chopin-jazz.com\/mf628434-ovh\/wp-content\/uploads\/2020\/02\/mathias-duhamel-2.jpg 740w, https:\/\/www.frederic-chopin-jazz.com\/mf628434-ovh\/wp-content\/uploads\/2020\/02\/mathias-duhamel-2-300x206.jpg 300w\" sizes=\"(max-width: 740px) 100vw, 740px\" \/><\/figure>\n\n\n\n<p class=\"has-text-align-center\"><strong>Live painting and music performances in preparation<\/strong><\/p>\n\n\n\n<p>MATHIAS DUHAMEL<br>\nMathias Duhamel est n\u00e9 en 1956. Form\u00e9 \u00e0 l\u2019\u00e9cole des Beaux-Arts d\u2019Amiens puis \u00e0 l\u2019Ecole des Arts Appliqu\u00e9s de Paris, il a suivi un long parcours artistique avant de se consacrer \u00e0 la peinture \u00e0 partir de 1998. Artiste peintre, il expose en France, au Royaume-Uni et aux USA. Il est \u00e9galement auteur compositeur de chansons. Sensible \u00e0 l\u2019art du th\u00e9\u00e2tre, Mathias Duhamel a commenc\u00e9 \u00e0 r\u00e9unir musique et peinture sur sc\u00e8ne \u00e0 partir de 2006. Pour lui, la peinture sur sc\u00e8ne se joue comme de la musique. Son approche artistique est fond\u00e9e sur l\u2019apparition et la disparition de mati\u00e8res, de formes et de couleurs dans le temps et non sur leur organisation d\u00e9finitive sur une toile. En concert, Mathias Duhamel agit comme un peintre soliste qui interpr\u00e8te les \u0153uvres de compositeurs classiques ou contemporains en suivant sa partition picturale. Comme une succession de sc\u00e8nes de film, son \u0153uvre \u00e9volue tout au long du concert en se conformant aux r\u00e8gles temporelles de la musique, aux rythmes et aux mouvements. Quand la musique prend fin, la m\u00e9lodie visuelle s\u2019estompe dans le m\u00eame temps et se fond dans le silence. Seule la m\u00e9moire conserve les \u00e9motions v\u00e9cues. Ses performances sont souvent imagin\u00e9es \u00e0 la suite de rencontres avec des chefs d\u2019orchestre, des quatuors, des trios ou des solistes. Ses performances qui associent musique et peinture &#8211; et qu\u2019il appelle \u201cConcerts de Peinture\u201d\u00ae &#8211; ont d\u00e9j\u00e0 eu lieu \u00e0 Paris et dans diff\u00e9rentes villes en France, \u00e0 New York et Moscou.<\/p>\n\n\n\n<p class=\"has-text-align-left\">Mathias  Duhamel was born in 1956. Trained at the Ecole des Beaux-Arts in Amiens  and then at the High School of Applied Arts in Paris, he has been  following a long artistic career before to devote himself to painting  from 1998. As a painter, his works are exhibited in France, in the  United Kingdom and in the USA as well. He is also a songwriter author.  Interested in the art of theater, Mathias Duhamel began to gather music  and painting on stage from 2006. To him, live painting must be  considered as a music play. His art approach is based on the appearance  and disappearance of matters, shapes and colors over time and not on  their final organization on a canvas. In concert, Mathias Duhamel acts  as a soloist painter who performs works of classical and contemporary  composers according to his pictorial score. Like a succession of movie  scenes, his work evolves throughout the concert time by conforming to  the temporal rules of music, rhythms and movements. When the music ends,  the visual melody becomes silent at the same time. Only memory  preserves the lived emotions. His performances are often imagined after  meetings with music directors, orchestras, quartets, trios or soloists.  His live performances of live painting and music &#8211; which he calls  \u00ab\u00a0Concerts de Peinture\u201d\u00ae &#8211; have already taken place in Paris and in  various cities in France, New York and Moscow.<\/p>\n\n\n\n<figure class=\"wp-block-embed-youtube wp-block-embed is-type-video is-provider-youtube wp-embed-aspect-16-9 wp-has-aspect-ratio\"><div class=\"wp-block-embed__wrapper\">\n<iframe loading=\"lazy\" title=\"Mathias Duhamel \/ Stefan Orins Trio \/ Full impro\" width=\"760\" height=\"428\" src=\"https:\/\/www.youtube.com\/embed\/XLxUog25YNA?feature=oembed\" frameborder=\"0\" allow=\"accelerometer; autoplay; encrypted-media; gyroscope; picture-in-picture\" allowfullscreen><\/iframe>\n<\/div><\/figure>\n\n\n\n<figure class=\"wp-block-image size-large\"><img loading=\"lazy\" width=\"1000\" height=\"1000\" src=\"http:\/\/www.frederic-chopin-jazz.com\/mf628434-ovh\/wp-content\/uploads\/2020\/02\/mathias-duhamel-concerts-de-peinture.jpg\" alt=\"Concert de peinture avec le peintre Mathias Duhamel, piero iannetti et Fr\u00e9d\u00e9ric Chopin jazz project, concerts de peinture\" class=\"wp-image-300\" srcset=\"https:\/\/www.frederic-chopin-jazz.com\/mf628434-ovh\/wp-content\/uploads\/2020\/02\/mathias-duhamel-concerts-de-peinture.jpg 1000w, https:\/\/www.frederic-chopin-jazz.com\/mf628434-ovh\/wp-content\/uploads\/2020\/02\/mathias-duhamel-concerts-de-peinture-300x300.jpg 300w, https:\/\/www.frederic-chopin-jazz.com\/mf628434-ovh\/wp-content\/uploads\/2020\/02\/mathias-duhamel-concerts-de-peinture-150x150.jpg 150w, https:\/\/www.frederic-chopin-jazz.com\/mf628434-ovh\/wp-content\/uploads\/2020\/02\/mathias-duhamel-concerts-de-peinture-768x768.jpg 768w, https:\/\/www.frederic-chopin-jazz.com\/mf628434-ovh\/wp-content\/uploads\/2020\/02\/mathias-duhamel-concerts-de-peinture-640x640.jpg 640w\" sizes=\"(max-width: 1000px) 100vw, 1000px\" \/><\/figure>\n\n\n\n<div class=\"wp-block-image\"><figure class=\"aligncenter size-large\"><img loading=\"lazy\" width=\"254\" height=\"254\" src=\"http:\/\/www.frederic-chopin-jazz.com\/mf628434-ovh\/wp-content\/uploads\/2020\/02\/mathias-duhamel.3.jpg\" alt=\"Concert de peinture. Le peintre Mathias Duhamel, pr\u00e9sente des concerts de peinture avec piero iannetti et Fr\u00e9d\u00e9ric Chopin jazz project.\" class=\"wp-image-302\" srcset=\"https:\/\/www.frederic-chopin-jazz.com\/mf628434-ovh\/wp-content\/uploads\/2020\/02\/mathias-duhamel.3.jpg 254w, https:\/\/www.frederic-chopin-jazz.com\/mf628434-ovh\/wp-content\/uploads\/2020\/02\/mathias-duhamel.3-150x150.jpg 150w\" sizes=\"(max-width: 254px) 100vw, 254px\" \/><\/figure><\/div>\n\n\n\n<p class=\"has-text-align-center\"> En savoir plus sur Mathias Duhamel, <a href=\"https:\/\/mathiasduhamel.com\" target=\"_blank\" rel=\"noreferrer noopener\" aria-label=\"visiter son site  (s\u2019ouvre dans un nouvel onglet)\">visiter son site <\/a><\/p>\n","protected":false},"excerpt":{"rendered":"<p>Mathias Duhamel &amp; Fr\u00e9d\u00e9ric Chopin Jazz Project Live painting and music performances in preparation MATHIAS DUHAMEL Mathias Duhamel est n\u00e9 en 1956. Form\u00e9 \u00e0 l\u2019\u00e9cole des Beaux-Arts d\u2019Amiens puis \u00e0 l\u2019Ecole des Arts Appliqu\u00e9s de Paris, il a suivi un long parcours artistique avant de se consacrer \u00e0 la peinture \u00e0 partir de 1998. Artiste &hellip; <\/p>\n<p class=\"link-more\"><a href=\"https:\/\/www.frederic-chopin-jazz.com\/mf628434-ovh\/?page_id=292\" class=\"more-link\">Continue reading<span class=\"screen-reader-text\"> \u00ab\u00a0CONCERTS DE PEINTURE\u00ae\u00a0\u00bb<\/span><\/a><\/p>\n","protected":false},"author":1,"featured_media":0,"parent":0,"menu_order":0,"comment_status":"closed","ping_status":"closed","template":"","meta":{"spay_email":""},"aioseo_notices":[],"_links":{"self":[{"href":"https:\/\/www.frederic-chopin-jazz.com\/mf628434-ovh\/index.php?rest_route=\/wp\/v2\/pages\/292"}],"collection":[{"href":"https:\/\/www.frederic-chopin-jazz.com\/mf628434-ovh\/index.php?rest_route=\/wp\/v2\/pages"}],"about":[{"href":"https:\/\/www.frederic-chopin-jazz.com\/mf628434-ovh\/index.php?rest_route=\/wp\/v2\/types\/page"}],"author":[{"embeddable":true,"href":"https:\/\/www.frederic-chopin-jazz.com\/mf628434-ovh\/index.php?rest_route=\/wp\/v2\/users\/1"}],"replies":[{"embeddable":true,"href":"https:\/\/www.frederic-chopin-jazz.com\/mf628434-ovh\/index.php?rest_route=%2Fwp%2Fv2%2Fcomments&post=292"}],"version-history":[{"count":19,"href":"https:\/\/www.frederic-chopin-jazz.com\/mf628434-ovh\/index.php?rest_route=\/wp\/v2\/pages\/292\/revisions"}],"predecessor-version":[{"id":373,"href":"https:\/\/www.frederic-chopin-jazz.com\/mf628434-ovh\/index.php?rest_route=\/wp\/v2\/pages\/292\/revisions\/373"}],"wp:attachment":[{"href":"https:\/\/www.frederic-chopin-jazz.com\/mf628434-ovh\/index.php?rest_route=%2Fwp%2Fv2%2Fmedia&parent=292"}],"curies":[{"name":"wp","href":"https:\/\/api.w.org\/{rel}","templated":true}]}}