{"id":27,"date":"2020-01-22T11:13:47","date_gmt":"2020-01-22T10:13:47","guid":{"rendered":"http:\/\/www.frederic-chopin-jazz.com\/mf628434-ovh\/?page_id=27"},"modified":"2020-11-06T10:44:10","modified_gmt":"2020-11-06T09:44:10","slug":"commande-cd","status":"publish","type":"page","link":"https:\/\/www.frederic-chopin-jazz.com\/mf628434-ovh\/?page_id=27","title":{"rendered":"Commande CD"},"content":{"rendered":"\n<p>Commandez votre CD Fr\u00e9d\u00e9ric Chopin jazz project, paiement s\u00e9curis\u00e9. Apr\u00e8s le r\u00e8glement vous serez directement redirig\u00e9 vers la page de coordonn\u00e9es de livraison.<\/p>\n\n\n\n<p>Prix : 20 euros TTC. frais de ports inclus (toute destination).<\/p>\n\n\n<form action=\"https:\/\/www.paypal.com\/cgi-bin\/webscr\" method=\"post\" target=\"_top\">\n<input type=\"hidden\" name=\"cmd\" value=\"_s-xclick\"><br \/>\n<input type=\"hidden\" name=\"hosted_button_id\" value=\"888UZTRVWRS6C\"><br \/>\n<input type=\"image\" src=\"https:\/\/www.paypalobjects.com\/fr_FR\/FR\/i\/btn\/btn_buynowCC_LG.gif\" border=\"0\" name=\"submit\" alt=\"PayPal, le r\u00e9flexe s\u00e9curit\u00e9 pour payer en ligne\"><br \/>\n<img loading=\"lazy\" alt=\"\" border=\"0\" src=\"https:\/\/www.paypalobjects.com\/fr_FR\/i\/scr\/pixel.gif\" width=\"1\" height=\"1\"><br \/>\n<\/form>\n\n\n\n<figure class=\"wp-block-image size-large\"><img loading=\"lazy\" width=\"1024\" height=\"914\" src=\"http:\/\/www.frederic-chopin-jazz.com\/mf628434-ovh\/wp-content\/uploads\/2020\/01\/01-1024x914.jpg\" alt=\"Cd Fr\u00e9d\u00e9ric Chopin jazz project, page de commande du CD via Paypal.\" class=\"wp-image-58\" srcset=\"https:\/\/www.frederic-chopin-jazz.com\/mf628434-ovh\/wp-content\/uploads\/2020\/01\/01-1024x914.jpg 1024w, https:\/\/www.frederic-chopin-jazz.com\/mf628434-ovh\/wp-content\/uploads\/2020\/01\/01-300x268.jpg 300w, https:\/\/www.frederic-chopin-jazz.com\/mf628434-ovh\/wp-content\/uploads\/2020\/01\/01-768x686.jpg 768w, https:\/\/www.frederic-chopin-jazz.com\/mf628434-ovh\/wp-content\/uploads\/2020\/01\/01.jpg 1400w\" sizes=\"(max-width: 1024px) 100vw, 1024px\" \/><\/figure>\n\n\n\n<figure class=\"wp-block-image size-large\"><img loading=\"lazy\" width=\"1024\" height=\"914\" src=\"http:\/\/www.frederic-chopin-jazz.com\/mf628434-ovh\/wp-content\/uploads\/2020\/02\/04-1024x914.png\" alt=\"CD Fr\u00e9d\u00e9ric Chopin jazz, vente en ligne du CD Fr\u00e9d\u00e9ric Chopin jazz project par Paypal.\" class=\"wp-image-114\" srcset=\"https:\/\/www.frederic-chopin-jazz.com\/mf628434-ovh\/wp-content\/uploads\/2020\/02\/04-1024x914.png 1024w, https:\/\/www.frederic-chopin-jazz.com\/mf628434-ovh\/wp-content\/uploads\/2020\/02\/04-300x268.png 300w, https:\/\/www.frederic-chopin-jazz.com\/mf628434-ovh\/wp-content\/uploads\/2020\/02\/04-768x686.png 768w, https:\/\/www.frederic-chopin-jazz.com\/mf628434-ovh\/wp-content\/uploads\/2020\/02\/04.png 1400w\" sizes=\"(max-width: 1024px) 100vw, 1024px\" \/><\/figure>\n\n\n\n<p class=\"has-text-align-center\"><strong>Ecouter un extrait du CD<\/strong><\/p>\n\n\n\n<figure class=\"wp-block-video\"><video controls src=\"http:\/\/www.frederic-chopin-jazz.com\/mf628434-ovh\/wp-content\/uploads\/2020\/02\/FCJP-2.mp4\"><\/video><\/figure>\n\n\n\n<p class=\"has-text-align-center\">       <strong>Livret :<\/strong><\/p>\n\n\n\n<ol><li><strong>vase en Db maj Opus 64 n\u00b02  (valse pure) &#8211;  1837    <\/strong><br>C&rsquo;est la seconde des trois valses de l&rsquo;opus 64, compos\u00e9e par Fr\u00e9d\u00e9ric Chopin, et d\u00e9di\u00e9e \u00e0 son \u00e9l\u00e8ve la baronne Charlotte de Rothschild. Int\u00e9gr\u00e9e au th\u00e8me, une petite allusion \u00e0 une autre valse, \u00e9crite beaucoup plus tard, appel\u00e9e \u00ab\u00a0La valse posthume\u00a0\u00bb.<\/li><li><strong>Fantaisie-impromptu Opus 6 &#8211; 1835<\/strong><br> Les impromptus sont des th\u00e8mes \u00e9crits \u00e0 partir d&rsquo;improvisations. Celui-ci \u00e9tait d\u00e9di\u00e9 \u00e0 la Baronne d&rsquo;Est\u00e9. Bien que chronologiquement il ait \u00e9t\u00e9 achev\u00e9 en premier, c&rsquo;est le dernier d&rsquo;une s\u00e9rie de quatre th\u00e8mes. <\/li><li><strong>Prelude en E m Opus 28 n\u00b04  (Suffocation) &#8211; 1839<\/strong><br> Ce c\u00e9l\u00e8bre \u00a0\u00bbLargo\u00a0\u00bb en mi mineur est l&rsquo;un des pr\u00e9ludes de Chopin les plus jou\u00e9s. <br> Il sera repris et transform\u00e9 par les groupes Radiohead et NTM, par Serge Gainsbourg, et  servira de point de  d\u00e9part \u00e0 Antonio Carlos Jobim pour le standard \u00ab\u00a0How insensitive\u00a0\u00bb. <br> Ce quatri\u00e8me pr\u00e9lude fut  interpr\u00e9t\u00e9 \u00e0 l&rsquo;orgue de la Madeleine le jour des fun\u00e9railles du compositeur, d&rsquo;o\u00f9 le titre donn\u00e9 par l&rsquo;\u00e9diteur : \u201cSuffocation\u201d.  <\/li><li><strong>Grande valse brillante Opus 18 &#8211; 1833 <\/strong><br> Cette composition a \u00e9t\u00e9 rendue possible par l&rsquo;invention du m\u00e9canisme du double \u00e9chappement, par le facteur de pianos Erard : ce dispositif permet au marteau de refrapper la corde quelle que soit sa position. On peut  entendre ce d\u00e9tail d\u00e8s les premi\u00e8res mesures avec une s\u00e9rie de notes r\u00e9p\u00e9t\u00e9es.<\/li><li><strong>Pr\u00e9lude en Cm Opus  28 n\u00b0 20 &#8211; 1838 <\/strong><br> C\u2019est le vingti\u00e8me des vingt-quatre Pr\u00e9ludes formant l&rsquo;opus 28, \u00e9crits chacun dans une tonalit\u00e9 diff\u00e9rente en suivant le cycle des quintes, chaque tonalit\u00e9 majeure \u00e9tant suivie de sa relative mineure. Ils ont \u00e9t\u00e9 compos\u00e9s entre 1835 et 1839, en partie sur l&rsquo;\u00eele de Majorque o\u00f9 Fr\u00e9d\u00e9ric Chopin avait pass\u00e9 l&rsquo;hiver avec George Sand et ses enfants,<br> pour \u00e9chapper au climat pluvieux de Paris qui aggravait sa tuberculose chronique. Inspir\u00e9s des pr\u00e9ludes du Clavier bien temp\u00e9r\u00e9 de Jean-S\u00e9bastien Bach, ils inspireront \u00e0 leur tour les Pr\u00e9ludes d&rsquo;Alexandre Scriabine, ceux de Claude Debussy, et de Sergue\u00ef Rachmaninov.<\/li><li><strong>Valse Opus 69 n\u00b01 (Valse de l&rsquo;adieu) &#8211; 1835<\/strong><br> Offerte au moment de son d\u00e9part \u00e0 Maria Wodzi\u0144ska, jeune aristocrate polonaise rencontr\u00e9e lors d&rsquo;un voyage \u00e0 Dresde et de laquelle il \u00e9tait tomb\u00e9 profond\u00e9ment amoureux, cette valse exprime le chagrin qui l&rsquo;attristera tout au long de sa vie : avoir \u00e9t\u00e9 \u00e9vinc\u00e9 du fait de sa situation, consid\u00e9r\u00e9e comme trop modeste par la famille de la jeune fille.<\/li><\/ol>\n\n\n\n<p>   07.<strong> Nocturne n\u00b020  (R\u00e9miniscence) &#8211; 1830<\/strong><br>Ce  nocturne a \u00e9t\u00e9 compos\u00e9 pour Ludwika Chopin avec la d\u00e9dicace : \u201c\u00c0 ma s\u0153ur Ludwika comme un    exercice avant de commencer l&rsquo;\u00e9tude de mon second concerto\u201d.  Il a \u00e9t\u00e9 publi\u00e9 vingt-six ans apr\u00e8s la mort du compositeur, sous  le titre R\u00e9miniscence. Il est connu pour avoir sauv\u00e9 la vie de la pianiste Natalia Karp, qui fut \u00e9pargn\u00e9e apr\u00e8s l&rsquo;avoir jou\u00e9 devant l&rsquo;officier nazi Amon Goeth, commandant  du camp de concentration o\u00f9 elle \u00e9tait d\u00e9tenue. <\/p>\n\n\n\n<p>8<strong>. Valse Opus 34 n\u00b02 (Valse du regret) -1831<\/strong><br> Selon le pianiste Stephen Heller, c&rsquo;\u00e9tait la valse pr\u00e9f\u00e9r\u00e9e de Chopin. Elle est d\u00e9di\u00e9e \u00e0 son \u00e9l\u00e8ve, la baronne C. d&rsquo;Ivry. \u00c9crite en 1831, elle est parfois nomm\u00e9e \u00abValse du regret\u00bb ou \u00abValse m\u00e9lancolique\u00bb, d\u00e9butant par une phrase lancinante \u00e0 la main gauche qui \u00e9voque le violoncelle. 9. <\/p>\n\n\n\n<p>9.<strong> Nocturne en Eb maj Opus 9 n\u00b02 &#8211; 1832  <\/strong><br> C&rsquo;est le deuxi\u00e8me des nocturnes de l&rsquo;opus 9. Compos\u00e9s entre 1830 et 1832, ces nocturnes sont d\u00e9di\u00e9s \u00e0 Marie Pleyel, \u00e9pouse de son grand ami Camille Pleyel, h\u00e9ritier des pianos Pleyel et fondateur de la salle Pleyel de Paris. Ce th\u00e8me a \u00e9t\u00e9 compos\u00e9 l&rsquo;ann\u00e9e de la rencontre entre  Fr\u00e9d\u00e9ric Chopin et Hector Berlioz.<\/p>\n\n\n\n<p>10.<strong> Nocturne en B maj Opus 32 n\u00b01 &#8211; 1837<\/strong><br> Il s&rsquo;agit du  premier des 21 nocturnes \u00e9crits par Fr\u00e9d\u00e9ric Chopin, compos\u00e9s \u00e0 partir de 1835 et publi\u00e9s en 1837. Cette pi\u00e8ce m\u00e9lancolique \u00e9voque sa relation tumultueuse avec Georges Sand. <\/p>\n\n\n\n<p><\/p>\n","protected":false},"excerpt":{"rendered":"<p>Commandez votre CD Fr\u00e9d\u00e9ric Chopin jazz project, paiement s\u00e9curis\u00e9. Apr\u00e8s le r\u00e8glement vous serez directement redirig\u00e9 vers la page de coordonn\u00e9es de livraison. Prix : 20 euros TTC. frais de ports inclus (toute destination). Ecouter un extrait du CD Livret : vase en Db maj Opus 64 n\u00b02 (valse pure) &#8211; 1837 C&rsquo;est la seconde &hellip; <\/p>\n<p class=\"link-more\"><a href=\"https:\/\/www.frederic-chopin-jazz.com\/mf628434-ovh\/?page_id=27\" class=\"more-link\">Continue reading<span class=\"screen-reader-text\"> \u00ab\u00a0Commande CD\u00a0\u00bb<\/span><\/a><\/p>\n","protected":false},"author":1,"featured_media":0,"parent":0,"menu_order":0,"comment_status":"closed","ping_status":"closed","template":"","meta":{"spay_email":""},"aioseo_notices":[],"_links":{"self":[{"href":"https:\/\/www.frederic-chopin-jazz.com\/mf628434-ovh\/index.php?rest_route=\/wp\/v2\/pages\/27"}],"collection":[{"href":"https:\/\/www.frederic-chopin-jazz.com\/mf628434-ovh\/index.php?rest_route=\/wp\/v2\/pages"}],"about":[{"href":"https:\/\/www.frederic-chopin-jazz.com\/mf628434-ovh\/index.php?rest_route=\/wp\/v2\/types\/page"}],"author":[{"embeddable":true,"href":"https:\/\/www.frederic-chopin-jazz.com\/mf628434-ovh\/index.php?rest_route=\/wp\/v2\/users\/1"}],"replies":[{"embeddable":true,"href":"https:\/\/www.frederic-chopin-jazz.com\/mf628434-ovh\/index.php?rest_route=%2Fwp%2Fv2%2Fcomments&post=27"}],"version-history":[{"count":25,"href":"https:\/\/www.frederic-chopin-jazz.com\/mf628434-ovh\/index.php?rest_route=\/wp\/v2\/pages\/27\/revisions"}],"predecessor-version":[{"id":398,"href":"https:\/\/www.frederic-chopin-jazz.com\/mf628434-ovh\/index.php?rest_route=\/wp\/v2\/pages\/27\/revisions\/398"}],"wp:attachment":[{"href":"https:\/\/www.frederic-chopin-jazz.com\/mf628434-ovh\/index.php?rest_route=%2Fwp%2Fv2%2Fmedia&parent=27"}],"curies":[{"name":"wp","href":"https:\/\/api.w.org\/{rel}","templated":true}]}}