{"id":262,"date":"2020-02-08T10:27:14","date_gmt":"2020-02-08T09:27:14","guid":{"rendered":"http:\/\/www.frederic-chopin-jazz.com\/mf628434-ovh\/?page_id=262"},"modified":"2020-02-29T11:59:39","modified_gmt":"2020-02-29T10:59:39","slug":"concerts","status":"publish","type":"page","link":"https:\/\/www.frederic-chopin-jazz.com\/mf628434-ovh\/?page_id=262","title":{"rendered":"Concerts"},"content":{"rendered":"\n<div class=\"wp-block-image\"><figure class=\"aligncenter size-large\"><img loading=\"lazy\" width=\"929\" height=\"930\" src=\"http:\/\/www.frederic-chopin-jazz.com\/mf628434-ovh\/wp-content\/uploads\/2020\/02\/imperial.png\" alt=\"Piero iannetti, Fr\u00e9d\u00e9ric Chopin en jazz, concert \u00e0 l'imp\u00e9rial palace d'Annecy\" class=\"wp-image-267\" srcset=\"https:\/\/www.frederic-chopin-jazz.com\/mf628434-ovh\/wp-content\/uploads\/2020\/02\/imperial.png 929w, https:\/\/www.frederic-chopin-jazz.com\/mf628434-ovh\/wp-content\/uploads\/2020\/02\/imperial-300x300.png 300w, https:\/\/www.frederic-chopin-jazz.com\/mf628434-ovh\/wp-content\/uploads\/2020\/02\/imperial-150x150.png 150w, https:\/\/www.frederic-chopin-jazz.com\/mf628434-ovh\/wp-content\/uploads\/2020\/02\/imperial-768x769.png 768w, https:\/\/www.frederic-chopin-jazz.com\/mf628434-ovh\/wp-content\/uploads\/2020\/02\/imperial-640x640.png 640w\" sizes=\"(max-width: 929px) 100vw, 929px\" \/><\/figure><\/div>\n\n\n\n<div class=\"wp-block-image\"><figure class=\"aligncenter size-large\"><img loading=\"lazy\" width=\"724\" height=\"1024\" src=\"http:\/\/www.frederic-chopin-jazz.com\/mf628434-ovh\/wp-content\/uploads\/2020\/02\/jazz-2019-724x1024.jpg\" alt=\"Piero iannetti, Fr\u00e9d\u00e9ric Chopin en jazz, concert \u00e0 jazz en sol mineur, Gr\u00e9asque\" class=\"wp-image-268\" srcset=\"https:\/\/www.frederic-chopin-jazz.com\/mf628434-ovh\/wp-content\/uploads\/2020\/02\/jazz-2019-724x1024.jpg 724w, https:\/\/www.frederic-chopin-jazz.com\/mf628434-ovh\/wp-content\/uploads\/2020\/02\/jazz-2019-212x300.jpg 212w, https:\/\/www.frederic-chopin-jazz.com\/mf628434-ovh\/wp-content\/uploads\/2020\/02\/jazz-2019-768x1086.jpg 768w, https:\/\/www.frederic-chopin-jazz.com\/mf628434-ovh\/wp-content\/uploads\/2020\/02\/jazz-2019-1086x1536.jpg 1086w, https:\/\/www.frederic-chopin-jazz.com\/mf628434-ovh\/wp-content\/uploads\/2020\/02\/jazz-2019-1448x2048.jpg 1448w, https:\/\/www.frederic-chopin-jazz.com\/mf628434-ovh\/wp-content\/uploads\/2020\/02\/jazz-2019-scaled.jpg 1810w\" sizes=\"(max-width: 724px) 100vw, 724px\" \/><\/figure><\/div>\n\n\n\n<div class=\"wp-block-image\"><figure class=\"aligncenter size-large\"><img loading=\"lazy\" width=\"679\" height=\"960\" src=\"http:\/\/www.frederic-chopin-jazz.com\/mf628434-ovh\/wp-content\/uploads\/2020\/02\/36802306_10214485640768306_3098029579269308416_n.jpg\" alt=\"Piero iannetti, Fr\u00e9d\u00e9ric Chopin en jazz, concert \u00e0 Cavalaire jazz\" class=\"wp-image-269\" srcset=\"https:\/\/www.frederic-chopin-jazz.com\/mf628434-ovh\/wp-content\/uploads\/2020\/02\/36802306_10214485640768306_3098029579269308416_n.jpg 679w, https:\/\/www.frederic-chopin-jazz.com\/mf628434-ovh\/wp-content\/uploads\/2020\/02\/36802306_10214485640768306_3098029579269308416_n-212x300.jpg 212w\" sizes=\"(max-width: 679px) 100vw, 679px\" \/><\/figure><\/div>\n\n\n\n<div class=\"wp-block-image\"><figure class=\"aligncenter size-large\"><img loading=\"lazy\" width=\"724\" height=\"1024\" src=\"http:\/\/www.frederic-chopin-jazz.com\/mf628434-ovh\/wp-content\/uploads\/2020\/02\/Visuel-JAZZ-project-Sembadel-R\u00e9cup\u00e9r\u00e9-1-724x1024.jpg\" alt=\"Piero iannetti, Fr\u00e9d\u00e9ric Chopin en jazz, concert \u00e0 l'\u00e9glise de Sembadel.\" class=\"wp-image-270\" srcset=\"https:\/\/www.frederic-chopin-jazz.com\/mf628434-ovh\/wp-content\/uploads\/2020\/02\/Visuel-JAZZ-project-Sembadel-R\u00e9cup\u00e9r\u00e9-1-724x1024.jpg 724w, https:\/\/www.frederic-chopin-jazz.com\/mf628434-ovh\/wp-content\/uploads\/2020\/02\/Visuel-JAZZ-project-Sembadel-R\u00e9cup\u00e9r\u00e9-1-212x300.jpg 212w, https:\/\/www.frederic-chopin-jazz.com\/mf628434-ovh\/wp-content\/uploads\/2020\/02\/Visuel-JAZZ-project-Sembadel-R\u00e9cup\u00e9r\u00e9-1-768x1086.jpg 768w, https:\/\/www.frederic-chopin-jazz.com\/mf628434-ovh\/wp-content\/uploads\/2020\/02\/Visuel-JAZZ-project-Sembadel-R\u00e9cup\u00e9r\u00e9-1-1086x1536.jpg 1086w, https:\/\/www.frederic-chopin-jazz.com\/mf628434-ovh\/wp-content\/uploads\/2020\/02\/Visuel-JAZZ-project-Sembadel-R\u00e9cup\u00e9r\u00e9-1-1448x2048.jpg 1448w, https:\/\/www.frederic-chopin-jazz.com\/mf628434-ovh\/wp-content\/uploads\/2020\/02\/Visuel-JAZZ-project-Sembadel-R\u00e9cup\u00e9r\u00e9-1-scaled.jpg 1810w\" sizes=\"(max-width: 724px) 100vw, 724px\" \/><\/figure><\/div>\n\n\n\n<div class=\"wp-block-image\"><figure class=\"aligncenter size-large\"><img loading=\"lazy\" width=\"650\" height=\"914\" src=\"http:\/\/www.frederic-chopin-jazz.com\/mf628434-ovh\/wp-content\/uploads\/2020\/02\/studio-11.png\" alt=\"Piero iannetti, Fr\u00e9d\u00e9ric Chopin en jazz, concert au studio 11, Toulon\" class=\"wp-image-327\" srcset=\"https:\/\/www.frederic-chopin-jazz.com\/mf628434-ovh\/wp-content\/uploads\/2020\/02\/studio-11.png 650w, https:\/\/www.frederic-chopin-jazz.com\/mf628434-ovh\/wp-content\/uploads\/2020\/02\/studio-11-213x300.png 213w\" sizes=\"(max-width: 650px) 100vw, 650px\" \/><\/figure><\/div>\n\n\n\n<div class=\"wp-block-image\"><figure class=\"aligncenter size-large\"><img loading=\"lazy\" width=\"544\" height=\"768\" src=\"http:\/\/www.frederic-chopin-jazz.com\/mf628434-ovh\/wp-content\/uploads\/2020\/02\/53283384_2013894412247734_2392179883452137472_n.jpg\" alt=\"Piero iannetti, Fr\u00e9d\u00e9ric Chopin en jazz, concert \u00e0 la philarmonique de la Seynoise.\" class=\"wp-image-271\" srcset=\"https:\/\/www.frederic-chopin-jazz.com\/mf628434-ovh\/wp-content\/uploads\/2020\/02\/53283384_2013894412247734_2392179883452137472_n.jpg 544w, https:\/\/www.frederic-chopin-jazz.com\/mf628434-ovh\/wp-content\/uploads\/2020\/02\/53283384_2013894412247734_2392179883452137472_n-213x300.jpg 213w\" sizes=\"(max-width: 544px) 100vw, 544px\" \/><\/figure><\/div>\n\n\n\n<div class=\"wp-block-image\"><figure class=\"aligncenter size-large\"><img loading=\"lazy\" width=\"1024\" height=\"792\" src=\"http:\/\/www.frederic-chopin-jazz.com\/mf628434-ovh\/wp-content\/uploads\/2020\/02\/ailairac-1024x792.png\" alt=\"Piero iannetti, Fr\u00e9d\u00e9ric Chopin en jazz, concert au printemps des notre \u00e0 Alairac.\" class=\"wp-image-272\" srcset=\"https:\/\/www.frederic-chopin-jazz.com\/mf628434-ovh\/wp-content\/uploads\/2020\/02\/ailairac-1024x792.png 1024w, https:\/\/www.frederic-chopin-jazz.com\/mf628434-ovh\/wp-content\/uploads\/2020\/02\/ailairac-300x232.png 300w, https:\/\/www.frederic-chopin-jazz.com\/mf628434-ovh\/wp-content\/uploads\/2020\/02\/ailairac-768x594.png 768w, https:\/\/www.frederic-chopin-jazz.com\/mf628434-ovh\/wp-content\/uploads\/2020\/02\/ailairac.png 1029w\" sizes=\"(max-width: 1024px) 100vw, 1024px\" \/><\/figure><\/div>\n\n\n\n<div class=\"wp-block-image\"><figure class=\"aligncenter size-large\"><img loading=\"lazy\" width=\"724\" height=\"1024\" src=\"http:\/\/www.frederic-chopin-jazz.com\/mf628434-ovh\/wp-content\/uploads\/2020\/02\/chopin-jazz-project-724x1024.jpg\" alt=\"Piero iannetti, Fr\u00e9d\u00e9ric Chopin en jazz, concert au Rouge, Marseille.\" class=\"wp-image-273\" srcset=\"https:\/\/www.frederic-chopin-jazz.com\/mf628434-ovh\/wp-content\/uploads\/2020\/02\/chopin-jazz-project-724x1024.jpg 724w, https:\/\/www.frederic-chopin-jazz.com\/mf628434-ovh\/wp-content\/uploads\/2020\/02\/chopin-jazz-project-212x300.jpg 212w, https:\/\/www.frederic-chopin-jazz.com\/mf628434-ovh\/wp-content\/uploads\/2020\/02\/chopin-jazz-project-768x1086.jpg 768w, https:\/\/www.frederic-chopin-jazz.com\/mf628434-ovh\/wp-content\/uploads\/2020\/02\/chopin-jazz-project-1086x1536.jpg 1086w, https:\/\/www.frederic-chopin-jazz.com\/mf628434-ovh\/wp-content\/uploads\/2020\/02\/chopin-jazz-project.jpg 1240w\" sizes=\"(max-width: 724px) 100vw, 724px\" \/><\/figure><\/div>\n\n\n\n<div class=\"wp-block-image\"><figure class=\"aligncenter size-large\"><img loading=\"lazy\" width=\"452\" height=\"640\" src=\"http:\/\/www.frederic-chopin-jazz.com\/mf628434-ovh\/wp-content\/uploads\/2020\/02\/Affiche-2019-A4.jpeg\" alt=\"Piero iannetti, Fr\u00e9d\u00e9ric Chopin en jazz, concert \u00e0 la commanderie des templiers, Jal\u00e8s.\" class=\"wp-image-274\" srcset=\"https:\/\/www.frederic-chopin-jazz.com\/mf628434-ovh\/wp-content\/uploads\/2020\/02\/Affiche-2019-A4.jpeg 452w, https:\/\/www.frederic-chopin-jazz.com\/mf628434-ovh\/wp-content\/uploads\/2020\/02\/Affiche-2019-A4-212x300.jpeg 212w\" sizes=\"(max-width: 452px) 100vw, 452px\" \/><\/figure><\/div>\n\n\n\n<div class=\"wp-block-image\"><figure class=\"aligncenter size-large\"><img loading=\"lazy\" width=\"728\" height=\"1024\" src=\"http:\/\/www.frederic-chopin-jazz.com\/mf628434-ovh\/wp-content\/uploads\/2020\/02\/chopin-jazz-project2-728x1024.jpg\" alt=\"Piero iannetti, Fr\u00e9d\u00e9ric Chopin en jazz, concert \u00e0 musique \u00e0 Gagni\u00e8res.\" class=\"wp-image-232\" srcset=\"https:\/\/www.frederic-chopin-jazz.com\/mf628434-ovh\/wp-content\/uploads\/2020\/02\/chopin-jazz-project2-728x1024.jpg 728w, https:\/\/www.frederic-chopin-jazz.com\/mf628434-ovh\/wp-content\/uploads\/2020\/02\/chopin-jazz-project2-213x300.jpg 213w, https:\/\/www.frederic-chopin-jazz.com\/mf628434-ovh\/wp-content\/uploads\/2020\/02\/chopin-jazz-project2-768x1080.jpg 768w, https:\/\/www.frederic-chopin-jazz.com\/mf628434-ovh\/wp-content\/uploads\/2020\/02\/chopin-jazz-project2-1092x1536.jpg 1092w, https:\/\/www.frederic-chopin-jazz.com\/mf628434-ovh\/wp-content\/uploads\/2020\/02\/chopin-jazz-project2-1456x2048.jpg 1456w, https:\/\/www.frederic-chopin-jazz.com\/mf628434-ovh\/wp-content\/uploads\/2020\/02\/chopin-jazz-project2-scaled.jpg 1820w\" sizes=\"(max-width: 728px) 100vw, 728px\" \/><\/figure><\/div>\n\n\n\n<div class=\"wp-block-image\"><figure class=\"aligncenter size-large\"><img loading=\"lazy\" width=\"1024\" height=\"692\" src=\"http:\/\/www.frederic-chopin-jazz.com\/mf628434-ovh\/wp-content\/uploads\/2020\/02\/gali-1024x692.png\" alt=\"Piero iannetti, Fr\u00e9d\u00e9ric Chopin en jazz, concert au petit Galli, Sanary sur mer.\" class=\"wp-image-275\" srcset=\"https:\/\/www.frederic-chopin-jazz.com\/mf628434-ovh\/wp-content\/uploads\/2020\/02\/gali-1024x692.png 1024w, https:\/\/www.frederic-chopin-jazz.com\/mf628434-ovh\/wp-content\/uploads\/2020\/02\/gali-300x203.png 300w, https:\/\/www.frederic-chopin-jazz.com\/mf628434-ovh\/wp-content\/uploads\/2020\/02\/gali-768x519.png 768w, https:\/\/www.frederic-chopin-jazz.com\/mf628434-ovh\/wp-content\/uploads\/2020\/02\/gali.png 1221w\" sizes=\"(max-width: 1024px) 100vw, 1024px\" \/><\/figure><\/div>\n\n\n\n<div class=\"wp-block-image\"><figure class=\"aligncenter size-large\"><img loading=\"lazy\" width=\"500\" height=\"707\" src=\"http:\/\/www.frederic-chopin-jazz.com\/mf628434-ovh\/wp-content\/uploads\/2020\/02\/33144_1_grd.jpg\" alt=\"Piero iannetti, Fr\u00e9d\u00e9ric Chopin en jazz, concert \u00e0 Bras.\" class=\"wp-image-276\" srcset=\"https:\/\/www.frederic-chopin-jazz.com\/mf628434-ovh\/wp-content\/uploads\/2020\/02\/33144_1_grd.jpg 500w, https:\/\/www.frederic-chopin-jazz.com\/mf628434-ovh\/wp-content\/uploads\/2020\/02\/33144_1_grd-212x300.jpg 212w\" sizes=\"(max-width: 500px) 100vw, 500px\" \/><\/figure><\/div>\n\n\n\n<div class=\"wp-block-image\"><figure class=\"aligncenter size-large\"><img loading=\"lazy\" width=\"400\" height=\"566\" src=\"http:\/\/www.frederic-chopin-jazz.com\/mf628434-ovh\/wp-content\/uploads\/2020\/02\/exemple-mise-en-page-affiche-2.jpg\" alt=\"Piero iannetti, Fr\u00e9d\u00e9ric Chopin en jazz, concert au Jam, Marseille.\" class=\"wp-image-277\" srcset=\"https:\/\/www.frederic-chopin-jazz.com\/mf628434-ovh\/wp-content\/uploads\/2020\/02\/exemple-mise-en-page-affiche-2.jpg 400w, https:\/\/www.frederic-chopin-jazz.com\/mf628434-ovh\/wp-content\/uploads\/2020\/02\/exemple-mise-en-page-affiche-2-212x300.jpg 212w\" sizes=\"(max-width: 400px) 100vw, 400px\" \/><\/figure><\/div>\n\n\n\n<div class=\"wp-block-image\"><figure class=\"aligncenter size-large\"><img loading=\"lazy\" width=\"494\" height=\"698\" src=\"http:\/\/www.frederic-chopin-jazz.com\/mf628434-ovh\/wp-content\/uploads\/2020\/02\/exemple-mise-en-page-affiche-1.jpg\" alt=\"Piero iannetti, Fr\u00e9d\u00e9ric Chopin en jazz, concert \u00e0 la m\u00e9diath\u00e8que Andr\u00e9e Chedid, la seyne sur mer.\" class=\"wp-image-278\" srcset=\"https:\/\/www.frederic-chopin-jazz.com\/mf628434-ovh\/wp-content\/uploads\/2020\/02\/exemple-mise-en-page-affiche-1.jpg 494w, https:\/\/www.frederic-chopin-jazz.com\/mf628434-ovh\/wp-content\/uploads\/2020\/02\/exemple-mise-en-page-affiche-1-212x300.jpg 212w\" sizes=\"(max-width: 494px) 100vw, 494px\" \/><\/figure><\/div>\n","protected":false},"excerpt":{"rendered":"","protected":false},"author":1,"featured_media":0,"parent":0,"menu_order":0,"comment_status":"closed","ping_status":"closed","template":"","meta":{"spay_email":""},"aioseo_notices":[],"_links":{"self":[{"href":"https:\/\/www.frederic-chopin-jazz.com\/mf628434-ovh\/index.php?rest_route=\/wp\/v2\/pages\/262"}],"collection":[{"href":"https:\/\/www.frederic-chopin-jazz.com\/mf628434-ovh\/index.php?rest_route=\/wp\/v2\/pages"}],"about":[{"href":"https:\/\/www.frederic-chopin-jazz.com\/mf628434-ovh\/index.php?rest_route=\/wp\/v2\/types\/page"}],"author":[{"embeddable":true,"href":"https:\/\/www.frederic-chopin-jazz.com\/mf628434-ovh\/index.php?rest_route=\/wp\/v2\/users\/1"}],"replies":[{"embeddable":true,"href":"https:\/\/www.frederic-chopin-jazz.com\/mf628434-ovh\/index.php?rest_route=%2Fwp%2Fv2%2Fcomments&post=262"}],"version-history":[{"count":18,"href":"https:\/\/www.frederic-chopin-jazz.com\/mf628434-ovh\/index.php?rest_route=\/wp\/v2\/pages\/262\/revisions"}],"predecessor-version":[{"id":346,"href":"https:\/\/www.frederic-chopin-jazz.com\/mf628434-ovh\/index.php?rest_route=\/wp\/v2\/pages\/262\/revisions\/346"}],"wp:attachment":[{"href":"https:\/\/www.frederic-chopin-jazz.com\/mf628434-ovh\/index.php?rest_route=%2Fwp%2Fv2%2Fmedia&parent=262"}],"curies":[{"name":"wp","href":"https:\/\/api.w.org\/{rel}","templated":true}]}}