{"id":23,"date":"2020-01-22T11:12:46","date_gmt":"2020-01-22T10:12:46","guid":{"rendered":"http:\/\/www.frederic-chopin-jazz.com\/mf628434-ovh\/?page_id=23"},"modified":"2022-10-16T16:24:20","modified_gmt":"2022-10-16T14:24:20","slug":"videos","status":"publish","type":"page","link":"https:\/\/www.frederic-chopin-jazz.com\/mf628434-ovh\/?page_id=23","title":{"rendered":"Vid\u00e9os"},"content":{"rendered":"\n<figure class=\"wp-block-embed is-type-video is-provider-youtube wp-block-embed-youtube wp-embed-aspect-16-9 wp-has-aspect-ratio\"><div class=\"wp-block-embed__wrapper\">\n<iframe loading=\"lazy\" title=\"Fr\u00e9d\u00e9ric Chopin jazz Project  \/teaser\" width=\"760\" height=\"428\" src=\"https:\/\/www.youtube.com\/embed\/4a7NN84g85A?feature=oembed\" frameborder=\"0\" allow=\"accelerometer; autoplay; clipboard-write; encrypted-media; gyroscope; picture-in-picture\" allowfullscreen><\/iframe>\n<\/div><figcaption>Teaser du trio.<\/figcaption><\/figure>\n\n\n\n<figure class=\"wp-block-embed is-type-rich is-provider-prise-en-charge-des-contenus-embarques wp-block-embed-prise-en-charge-des-contenus-embarques wp-embed-aspect-16-9 wp-has-aspect-ratio\"><div class=\"wp-block-embed__wrapper\">\n<iframe loading=\"lazy\" title=\"Fr\u00e9d\u00e9ric Chopin jazz project\" width=\"760\" height=\"428\" src=\"https:\/\/www.youtube.com\/embed\/3ou53RfKwq4?feature=oembed\" frameborder=\"0\" allow=\"accelerometer; autoplay; clipboard-write; encrypted-media; gyroscope; picture-in-picture\" allowfullscreen><\/iframe>\n<\/div><\/figure>\n\n\n\n<p class=\"has-text-align-left\"> Extrait du CD Fr\u00e9d\u00e9ric Chopin jazz, photos de concerts. <\/p>\n\n\n\n<p><\/p>\n\n\n\n<p><\/p>\n\n\n\n<iframe loading=\"lazy\" width=\"560\" height=\"315\" src=\"https:\/\/www.youtube.com\/embed\/0h54zvt2VPA\" frameborder=\"0\" allow=\"accelerometer; autoplay; encrypted-media; gyroscope; picture-in-picture\" allowfullscreen=\"\"><\/iframe>\n\n\n\n<p>Pr\u00e9lude en Cm Opus 28 n\u00b0 20 &#8211; 1838<br> C\u2019est le vingti\u00e8me des vingt-quatre Pr\u00e9ludes formant l&rsquo;opus 28, \u00e9crits chacun dans une tonalit\u00e9 diff\u00e9rente en suivant le cycle des quintes, chaque tonalit\u00e9 majeure \u00e9tant suivie de sa relative mineure. Ils ont \u00e9t\u00e9 compos\u00e9s entre 1835 et 1839, en partie sur l&rsquo;\u00eele de Majorque o\u00f9 Fr\u00e9d\u00e9ric Chopin avait pass\u00e9 l&rsquo;hiver avec George Sand et ses enfants, pour \u00e9chapper au climat pluvieux de Paris qui aggravait sa tuberculose chronique. Inspir\u00e9s des pr\u00e9ludes du Clavier bien temp\u00e9r\u00e9 de Jean-S\u00e9bastien Bach, ils inspireront \u00e0 leur tour les Pr\u00e9ludes d&rsquo;Alexandre Scriabine, ceux de Claude Debussy, et de Sergue\u00ef Rachmaninov.<\/p>\n\n\n\n<iframe loading=\"lazy\" width=\"560\" height=\"315\" src=\"https:\/\/www.youtube.com\/embed\/tg_1XwKy-AY\" frameborder=\"0\" allow=\"accelerometer; autoplay; encrypted-media; gyroscope; picture-in-picture\" allowfullscreen=\"\"><\/iframe>\n\n\n<p class=\"fonts-plugin-block\" style=\"font-weight: normal\">Nocturne en B maj N\u00b01 opus 38.<br> Ce nocturne \u00e9crit en 1837 porte l&rsquo;interrogation et les \u00e9lans secrets de la relation que nouaient George Sand et Fr\u00e9d\u00e9ric Chopin. Cette version jazz  jou\u00e9e comme une ballade r\u00e9serve la partie improvis\u00e9e \u00e0 la contrebasse, d\u2019abord en pizzicato puis \u00e0 l\u2019archet.<\/p>\n\n\n<iframe loading=\"lazy\" width=\"560\" height=\"315\" src=\"https:\/\/www.youtube.com\/embed\/_Poj1Zx7IYI\" frameborder=\"0\" allow=\"accelerometer; autoplay; encrypted-media; gyroscope; picture-in-picture\" allowfullscreen=\"\"><\/iframe>\n\n\n\n<p>Ce nocturne a \u00e9t\u00e9 compos\u00e9 pour Ludwika Chopin avec la d\u00e9dicace : \u201c\u00c0 ma soeur Ludwika<br>\ncomme un exercice avant de commencer l&rsquo;\u00e9tude de mon second concerto\u201d. Il a \u00e9t\u00e9 publi\u00e9 vingtsix<br>\nans apr\u00e8s la mort du compositeur, sous le titre R\u00e9miniscence. Il est connu pour avoir sauv\u00e9<br>\nla vie de la pianiste Natalia Karp, qui fut \u00e9pargn\u00e9e apr\u00e8s l&rsquo;avoir jou\u00e9 devant l&rsquo;officier nazi Amon<br>\nGoeth, commandant du camp de concentration o\u00f9 elle \u00e9tait d\u00e9tenue.<\/p>\n\n\n","protected":false},"excerpt":{"rendered":"<p>Extrait du CD Fr\u00e9d\u00e9ric Chopin jazz, photos de concerts. Pr\u00e9lude en Cm Opus 28 n\u00b0 20 &#8211; 1838 C\u2019est le vingti\u00e8me des vingt-quatre Pr\u00e9ludes formant l&rsquo;opus 28, \u00e9crits chacun dans une tonalit\u00e9 diff\u00e9rente en suivant le cycle des quintes, chaque tonalit\u00e9 majeure \u00e9tant suivie de sa relative mineure. Ils ont \u00e9t\u00e9 compos\u00e9s entre 1835 et &hellip; <\/p>\n<p class=\"link-more\"><a href=\"https:\/\/www.frederic-chopin-jazz.com\/mf628434-ovh\/?page_id=23\" class=\"more-link\">Continue reading<span class=\"screen-reader-text\"> \u00ab\u00a0Vid\u00e9os\u00a0\u00bb<\/span><\/a><\/p>\n","protected":false},"author":1,"featured_media":0,"parent":0,"menu_order":0,"comment_status":"closed","ping_status":"closed","template":"","meta":{"spay_email":""},"aioseo_notices":[],"_links":{"self":[{"href":"https:\/\/www.frederic-chopin-jazz.com\/mf628434-ovh\/index.php?rest_route=\/wp\/v2\/pages\/23"}],"collection":[{"href":"https:\/\/www.frederic-chopin-jazz.com\/mf628434-ovh\/index.php?rest_route=\/wp\/v2\/pages"}],"about":[{"href":"https:\/\/www.frederic-chopin-jazz.com\/mf628434-ovh\/index.php?rest_route=\/wp\/v2\/types\/page"}],"author":[{"embeddable":true,"href":"https:\/\/www.frederic-chopin-jazz.com\/mf628434-ovh\/index.php?rest_route=\/wp\/v2\/users\/1"}],"replies":[{"embeddable":true,"href":"https:\/\/www.frederic-chopin-jazz.com\/mf628434-ovh\/index.php?rest_route=%2Fwp%2Fv2%2Fcomments&post=23"}],"version-history":[{"count":20,"href":"https:\/\/www.frederic-chopin-jazz.com\/mf628434-ovh\/index.php?rest_route=\/wp\/v2\/pages\/23\/revisions"}],"predecessor-version":[{"id":429,"href":"https:\/\/www.frederic-chopin-jazz.com\/mf628434-ovh\/index.php?rest_route=\/wp\/v2\/pages\/23\/revisions\/429"}],"wp:attachment":[{"href":"https:\/\/www.frederic-chopin-jazz.com\/mf628434-ovh\/index.php?rest_route=%2Fwp%2Fv2%2Fmedia&parent=23"}],"curies":[{"name":"wp","href":"https:\/\/api.w.org\/{rel}","templated":true}]}}