{"id":15,"date":"2020-01-22T11:10:40","date_gmt":"2020-01-22T10:10:40","guid":{"rendered":"http:\/\/www.frederic-chopin-jazz.com\/mf628434-ovh\/?page_id=15"},"modified":"2020-02-29T12:06:49","modified_gmt":"2020-02-29T11:06:49","slug":"concerts-en-festivals","status":"publish","type":"page","link":"https:\/\/www.frederic-chopin-jazz.com\/mf628434-ovh\/?page_id=15","title":{"rendered":"Concerts en festivals"},"content":{"rendered":"\n<div class=\"wp-block-image\"><figure class=\"aligncenter size-large\"><img loading=\"lazy\" width=\"960\" height=\"720\" src=\"http:\/\/www.frederic-chopin-jazz.com\/mf628434-ovh\/wp-content\/uploads\/2020\/01\/photo-imp\u00e9rial.jpg\" alt=\"Piero iannetti, photo de concert avec Fr\u00e9d\u00e9ric Chopin jazz project, \u00e0  l'imp\u00e9rial palace d'Annecy\" class=\"wp-image-52\" srcset=\"https:\/\/www.frederic-chopin-jazz.com\/mf628434-ovh\/wp-content\/uploads\/2020\/01\/photo-imp\u00e9rial.jpg 960w, https:\/\/www.frederic-chopin-jazz.com\/mf628434-ovh\/wp-content\/uploads\/2020\/01\/photo-imp\u00e9rial-300x225.jpg 300w, https:\/\/www.frederic-chopin-jazz.com\/mf628434-ovh\/wp-content\/uploads\/2020\/01\/photo-imp\u00e9rial-768x576.jpg 768w\" sizes=\"(max-width: 960px) 100vw, 960px\" \/><figcaption> Imp\u00e9rial Palace Annecy, 08\/08\/19 <\/figcaption><\/figure><\/div>\n\n\n\n<div class=\"wp-block-image\"><figure class=\"aligncenter size-large\"><img loading=\"lazy\" width=\"900\" height=\"551\" src=\"http:\/\/www.frederic-chopin-jazz.com\/mf628434-ovh\/wp-content\/uploads\/2020\/01\/45335088_1769264843172563_7961310340900192256_n.jpg\" alt=\"Piero iannetti, photo de concert avec Fr\u00e9d\u00e9ric Chopin jazz project, \u00e0  Cavalaire jazz.\" class=\"wp-image-50\" srcset=\"https:\/\/www.frederic-chopin-jazz.com\/mf628434-ovh\/wp-content\/uploads\/2020\/01\/45335088_1769264843172563_7961310340900192256_n.jpg 900w, https:\/\/www.frederic-chopin-jazz.com\/mf628434-ovh\/wp-content\/uploads\/2020\/01\/45335088_1769264843172563_7961310340900192256_n-300x184.jpg 300w, https:\/\/www.frederic-chopin-jazz.com\/mf628434-ovh\/wp-content\/uploads\/2020\/01\/45335088_1769264843172563_7961310340900192256_n-768x470.jpg 768w\" sizes=\"(max-width: 900px) 100vw, 900px\" \/><figcaption> Cavalaire jazz, 09\/09\/19 <\/figcaption><\/figure><\/div>\n\n\n\n<div class=\"wp-block-image\"><figure class=\"aligncenter size-large\"><img loading=\"lazy\" width=\"1024\" height=\"683\" src=\"http:\/\/www.frederic-chopin-jazz.com\/mf628434-ovh\/wp-content\/uploads\/2020\/01\/060719-4.jpg\" alt=\"Piero iannetti, photo de concert avec Fr\u00e9d\u00e9ric Chopin jazz project, \u00e0  Gr\u00e9asque.\" class=\"wp-image-55\" srcset=\"https:\/\/www.frederic-chopin-jazz.com\/mf628434-ovh\/wp-content\/uploads\/2020\/01\/060719-4.jpg 1024w, https:\/\/www.frederic-chopin-jazz.com\/mf628434-ovh\/wp-content\/uploads\/2020\/01\/060719-4-300x200.jpg 300w, https:\/\/www.frederic-chopin-jazz.com\/mf628434-ovh\/wp-content\/uploads\/2020\/01\/060719-4-768x512.jpg 768w\" sizes=\"(max-width: 1024px) 100vw, 1024px\" \/><figcaption> Festival jazz en sol mineur \/ Gr\u00e9asque 06\/07\/19 <\/figcaption><\/figure><\/div>\n\n\n\n<div class=\"wp-block-image\"><figure class=\"aligncenter size-large\"><img loading=\"lazy\" width=\"1024\" height=\"683\" src=\"http:\/\/www.frederic-chopin-jazz.com\/mf628434-ovh\/wp-content\/uploads\/2020\/02\/54375840_667740613682123_1214235774824742912_o-1024x683.jpg\" alt=\"Piero iannetti, photo de concert avec Fr\u00e9d\u00e9ric Chopin jazz project, au printemps des notes\" class=\"wp-image-211\" srcset=\"https:\/\/www.frederic-chopin-jazz.com\/mf628434-ovh\/wp-content\/uploads\/2020\/02\/54375840_667740613682123_1214235774824742912_o-1024x683.jpg 1024w, https:\/\/www.frederic-chopin-jazz.com\/mf628434-ovh\/wp-content\/uploads\/2020\/02\/54375840_667740613682123_1214235774824742912_o-300x200.jpg 300w, https:\/\/www.frederic-chopin-jazz.com\/mf628434-ovh\/wp-content\/uploads\/2020\/02\/54375840_667740613682123_1214235774824742912_o-768x512.jpg 768w, https:\/\/www.frederic-chopin-jazz.com\/mf628434-ovh\/wp-content\/uploads\/2020\/02\/54375840_667740613682123_1214235774824742912_o-1536x1024.jpg 1536w, https:\/\/www.frederic-chopin-jazz.com\/mf628434-ovh\/wp-content\/uploads\/2020\/02\/54375840_667740613682123_1214235774824742912_o-1200x800.jpg 1200w, https:\/\/www.frederic-chopin-jazz.com\/mf628434-ovh\/wp-content\/uploads\/2020\/02\/54375840_667740613682123_1214235774824742912_o.jpg 1929w\" sizes=\"(max-width: 1024px) 100vw, 1024px\" \/><figcaption>le Printemps des Notes, Alairac \/09\/03\/19<\/figcaption><\/figure><\/div>\n\n\n\n<div class=\"wp-block-image\"><figure class=\"aligncenter size-large\"><img loading=\"lazy\" width=\"960\" height=\"540\" src=\"http:\/\/www.frederic-chopin-jazz.com\/mf628434-ovh\/wp-content\/uploads\/2020\/02\/39737153_10215772908545949_6828998099424247808_o.jpg\" alt=\"Piero iannetti, photo de concert avec Fr\u00e9d\u00e9ric Chopin jazz project, \u00e0  la Crypte.\" class=\"wp-image-215\" srcset=\"https:\/\/www.frederic-chopin-jazz.com\/mf628434-ovh\/wp-content\/uploads\/2020\/02\/39737153_10215772908545949_6828998099424247808_o.jpg 960w, https:\/\/www.frederic-chopin-jazz.com\/mf628434-ovh\/wp-content\/uploads\/2020\/02\/39737153_10215772908545949_6828998099424247808_o-300x169.jpg 300w, https:\/\/www.frederic-chopin-jazz.com\/mf628434-ovh\/wp-content\/uploads\/2020\/02\/39737153_10215772908545949_6828998099424247808_o-768x432.jpg 768w\" sizes=\"(max-width: 960px) 100vw, 960px\" \/><figcaption>La Crypte, Lagorce, 07\/08\/19<\/figcaption><\/figure><\/div>\n\n\n\n<figure class=\"wp-block-image size-large\"><img loading=\"lazy\" width=\"1024\" height=\"768\" src=\"http:\/\/www.frederic-chopin-jazz.com\/mf628434-ovh\/wp-content\/uploads\/2020\/02\/presse-trio-chopin-1024x768.jpg\" alt=\"Piero iannetti, article de concert avec Fr\u00e9d\u00e9ric Chopin jazz project, \u00e0  Gagni\u00e8res.\" class=\"wp-image-250\" srcset=\"https:\/\/www.frederic-chopin-jazz.com\/mf628434-ovh\/wp-content\/uploads\/2020\/02\/presse-trio-chopin-1024x768.jpg 1024w, https:\/\/www.frederic-chopin-jazz.com\/mf628434-ovh\/wp-content\/uploads\/2020\/02\/presse-trio-chopin-300x225.jpg 300w, https:\/\/www.frederic-chopin-jazz.com\/mf628434-ovh\/wp-content\/uploads\/2020\/02\/presse-trio-chopin-768x576.jpg 768w, https:\/\/www.frederic-chopin-jazz.com\/mf628434-ovh\/wp-content\/uploads\/2020\/02\/presse-trio-chopin-1536x1152.jpg 1536w, https:\/\/www.frederic-chopin-jazz.com\/mf628434-ovh\/wp-content\/uploads\/2020\/02\/presse-trio-chopin-2048x1536.jpg 2048w\" sizes=\"(max-width: 1024px) 100vw, 1024px\" \/><\/figure>\n","protected":false},"excerpt":{"rendered":"","protected":false},"author":1,"featured_media":0,"parent":0,"menu_order":0,"comment_status":"closed","ping_status":"closed","template":"","meta":{"spay_email":""},"aioseo_notices":[],"_links":{"self":[{"href":"https:\/\/www.frederic-chopin-jazz.com\/mf628434-ovh\/index.php?rest_route=\/wp\/v2\/pages\/15"}],"collection":[{"href":"https:\/\/www.frederic-chopin-jazz.com\/mf628434-ovh\/index.php?rest_route=\/wp\/v2\/pages"}],"about":[{"href":"https:\/\/www.frederic-chopin-jazz.com\/mf628434-ovh\/index.php?rest_route=\/wp\/v2\/types\/page"}],"author":[{"embeddable":true,"href":"https:\/\/www.frederic-chopin-jazz.com\/mf628434-ovh\/index.php?rest_route=\/wp\/v2\/users\/1"}],"replies":[{"embeddable":true,"href":"https:\/\/www.frederic-chopin-jazz.com\/mf628434-ovh\/index.php?rest_route=%2Fwp%2Fv2%2Fcomments&post=15"}],"version-history":[{"count":20,"href":"https:\/\/www.frederic-chopin-jazz.com\/mf628434-ovh\/index.php?rest_route=\/wp\/v2\/pages\/15\/revisions"}],"predecessor-version":[{"id":353,"href":"https:\/\/www.frederic-chopin-jazz.com\/mf628434-ovh\/index.php?rest_route=\/wp\/v2\/pages\/15\/revisions\/353"}],"wp:attachment":[{"href":"https:\/\/www.frederic-chopin-jazz.com\/mf628434-ovh\/index.php?rest_route=%2Fwp%2Fv2%2Fmedia&parent=15"}],"curies":[{"name":"wp","href":"https:\/\/api.w.org\/{rel}","templated":true}]}}