{"id":13,"date":"2020-01-22T11:10:01","date_gmt":"2020-01-22T10:10:01","guid":{"rendered":"http:\/\/www.frederic-chopin-jazz.com\/mf628434-ovh\/?page_id=13"},"modified":"2020-02-29T12:30:01","modified_gmt":"2020-02-29T11:30:01","slug":"biographie","status":"publish","type":"page","link":"https:\/\/www.frederic-chopin-jazz.com\/mf628434-ovh\/?page_id=13","title":{"rendered":"Biographie"},"content":{"rendered":"\n<p class=\"has-text-align-left\"> Fr\u00e9d\u00e9ric Chopin na\u00eet en 1810 \u00e0 Varsovie. Il s&rsquo;installe \u00e0 Paris en 1831, o\u00f9 il passe<br> pr\u00e8s de la moiti\u00e9 de sa vie. La ville est \u00e0 cette \u00e9poque une des capitales<br> culturelles du monde. Il y noue ses amours et ses amiti\u00e9s les plus importantes :<br> Sand, Delacroix, Liszt, Balzac, Berlioz.<\/p>\n\n\n\n<p>Liszt dit \u00e0 propos de son ami :<\/p>\n\n\n\n<p>\u00ab Chopin a pass\u00e9 parmi nous comme un fant\u00f4me. D\u00e8s l\u2019\u00e2ge le plus tendre, il \u00e9tonnait par la richesse de son improvisation. Il se gardait bien cependant d\u2019en faire parade ; mais les quelques \u00e9lus qui l\u2019ont entendu improviser pendant des heures enti\u00e8res, de la mani\u00e8re la plus merveilleuse, sans jamais rappeler une phrase quelconque de n\u2019importe quel compositeur, sans m\u00eame toucher \u00e0 aucune de ses propres \u0153uvres, ne nous contrediront pas si nous avan\u00e7ons que ses plus belles compositions ne sont que des reflets et des \u00e9chos de son improvisation. Cette inspiration spontan\u00e9e \u00e9tait comme un torrent intarissable de mati\u00e8res pr\u00e9cieuses en \u00e9bullition. De temps en temps, le ma\u00eetre en puisait quelques coupes pour les jeter dans son moule, et il s\u2019est trouv\u00e9 que ces coupes \u00e9taient remplies de perles et de rubis \u00bb.<\/p>\n\n\n\n<p> D\u2019une sant\u00e9 fragile, il meurt le 17 octobre 1849 \u00e0 l\u2019\u00e2ge de 39 ans. Apr\u00e8s une c\u00e9r\u00e9monie \u00e0 la Madeleine<br> aux sons de sa c\u00e9l\u00e8bre Marche Fun\u00e8bre, et conform\u00e9ment \u00e0 ses derni\u00e8res volont\u00e9s, sa s\u0153ur Ludwika<br> ram\u00e8ne \u00e0 Varsovie son c\u0153ur, conserv\u00e9 dans un liquide brun-ambr\u00e9 (probablement du cognac) dans une<br> urne de cristal. Une \u00e9tude r\u00e9cente suppose qu\u2019il est mort de p\u00e9ricardite, une complication rare de la<br> tuberculose.Fr\u00e9d\u00e9ric Chopin repose au cimeti\u00e8re du P\u00e8re-Lachaise \u00e0 quelques m\u00e8tres d\u2019un autre grand<br> pianiste et improvisateur, au destin comparable, Michel Petrucciani.<\/p>\n\n\n\n<figure class=\"wp-block-image size-large\"><img loading=\"lazy\" width=\"1024\" height=\"914\" src=\"http:\/\/www.frederic-chopin-jazz.com\/mf628434-ovh\/wp-content\/uploads\/2020\/01\/03-1024x914.jpg\" alt=\"Fr\u00e9d\u00e9ric Chopin jazz project, le trio Piero iannetti, Jean Cortes, Claudio Celada pr\u00e9sente des concerts sur la musique de Fr\u00e9d\u00e9ric Chopin en jazz\" class=\"wp-image-103\" srcset=\"https:\/\/www.frederic-chopin-jazz.com\/mf628434-ovh\/wp-content\/uploads\/2020\/01\/03-1024x914.jpg 1024w, https:\/\/www.frederic-chopin-jazz.com\/mf628434-ovh\/wp-content\/uploads\/2020\/01\/03-300x268.jpg 300w, https:\/\/www.frederic-chopin-jazz.com\/mf628434-ovh\/wp-content\/uploads\/2020\/01\/03-768x686.jpg 768w, https:\/\/www.frederic-chopin-jazz.com\/mf628434-ovh\/wp-content\/uploads\/2020\/01\/03.jpg 1400w\" sizes=\"(max-width: 1024px) 100vw, 1024px\" \/><\/figure>\n","protected":false},"excerpt":{"rendered":"<p>Fr\u00e9d\u00e9ric Chopin na\u00eet en 1810 \u00e0 Varsovie. Il s&rsquo;installe \u00e0 Paris en 1831, o\u00f9 il passe pr\u00e8s de la moiti\u00e9 de sa vie. La ville est \u00e0 cette \u00e9poque une des capitales culturelles du monde. Il y noue ses amours et ses amiti\u00e9s les plus importantes : Sand, Delacroix, Liszt, Balzac, Berlioz. Liszt dit \u00e0 &hellip; <\/p>\n<p class=\"link-more\"><a href=\"https:\/\/www.frederic-chopin-jazz.com\/mf628434-ovh\/?page_id=13\" class=\"more-link\">Continue reading<span class=\"screen-reader-text\"> \u00ab\u00a0Biographie\u00a0\u00bb<\/span><\/a><\/p>\n","protected":false},"author":1,"featured_media":195,"parent":0,"menu_order":0,"comment_status":"closed","ping_status":"closed","template":"","meta":{"spay_email":""},"aioseo_notices":[],"_links":{"self":[{"href":"https:\/\/www.frederic-chopin-jazz.com\/mf628434-ovh\/index.php?rest_route=\/wp\/v2\/pages\/13"}],"collection":[{"href":"https:\/\/www.frederic-chopin-jazz.com\/mf628434-ovh\/index.php?rest_route=\/wp\/v2\/pages"}],"about":[{"href":"https:\/\/www.frederic-chopin-jazz.com\/mf628434-ovh\/index.php?rest_route=\/wp\/v2\/types\/page"}],"author":[{"embeddable":true,"href":"https:\/\/www.frederic-chopin-jazz.com\/mf628434-ovh\/index.php?rest_route=\/wp\/v2\/users\/1"}],"replies":[{"embeddable":true,"href":"https:\/\/www.frederic-chopin-jazz.com\/mf628434-ovh\/index.php?rest_route=%2Fwp%2Fv2%2Fcomments&post=13"}],"version-history":[{"count":18,"href":"https:\/\/www.frederic-chopin-jazz.com\/mf628434-ovh\/index.php?rest_route=\/wp\/v2\/pages\/13\/revisions"}],"predecessor-version":[{"id":374,"href":"https:\/\/www.frederic-chopin-jazz.com\/mf628434-ovh\/index.php?rest_route=\/wp\/v2\/pages\/13\/revisions\/374"}],"wp:featuredmedia":[{"embeddable":true,"href":"https:\/\/www.frederic-chopin-jazz.com\/mf628434-ovh\/index.php?rest_route=\/wp\/v2\/media\/195"}],"wp:attachment":[{"href":"https:\/\/www.frederic-chopin-jazz.com\/mf628434-ovh\/index.php?rest_route=%2Fwp%2Fv2%2Fmedia&parent=13"}],"curies":[{"name":"wp","href":"https:\/\/api.w.org\/{rel}","templated":true}]}}