{"id":105,"date":"2020-01-24T11:32:58","date_gmt":"2020-01-24T10:32:58","guid":{"rendered":"http:\/\/www.frederic-chopin-jazz.com\/mf628434-ovh\/?page_id=105"},"modified":"2022-08-27T18:33:18","modified_gmt":"2022-08-27T16:33:18","slug":"acceuil","status":"publish","type":"page","link":"https:\/\/www.frederic-chopin-jazz.com\/mf628434-ovh\/","title":{"rendered":""},"content":{"rendered":"\n<p>PLONGER AU C\u0152UR DE LA MUSIQUE DE FR\u00c9D\u00c9RIC CHOPIN, VOYAGER ENTRE LES NOTES, JOUER AVEC LES RYTHMES ET SE LAISSER PORTER PAR L&rsquo;IMPROVISATION.<\/p>\n\n\n\n<p> Claudio Celada (piano) Jean Cortes (contrebasse, arrangements) Piero iannetti (batterie, percussions). <\/p>\n\n\n\n<p class=\"has-text-align-left\"> La musique de Chopin est un puits intarissable pour un trio de jazz. Tout est l\u00e0. L\u2019harmonie color\u00e9e d\u2019une incroyable modernit\u00e9, la brillance des traits, la fulgurance pianistique, mais aussi le romantisme, le lyrisme et la sensibilit\u00e9. Comment ne pas \u00eatre s\u00e9duit par ce g\u00e9nie qui un si\u00e8cle avant l\u2019av\u00e8nement du jazz excellait dans l\u2019art de l\u2019improvisation ?<br> Chaque note de sa musique r\u00e9sonne encore comme si elle avait \u00e9t\u00e9 \u00e9crite hier. Ses m\u00e9lodies traversent tranquillement le temps. C\u2019est cette intemporalit\u00e9 qui permet d\u2019entrer dans l\u2019intimit\u00e9 de cette \u0153uvre par le biais d\u2019une approche jazzistique. Le piano reste \u00e9videmment la pi\u00e8ce ma\u00eetresse de cette musique, mais la contribution de la contrebasse et de la batterie d\u00e9montre s\u2018il en \u00e9tait besoin, \u00e0 quel point le ma\u00eetre \u00e9tait en avance sur son temps. Les plages d\u2019improvisation permettent d\u2019extrapoler son intuition sans jamais trahir ses intentions.<br> C\u2019est avec une grande humilit\u00e9 que le trio aborde ce r\u00e9pertoire, et vous fera partager le bonheur d\u2019interpr\u00e9ter la musique d\u2019un si grand compositeur. <\/p>\n\n\n\n<p class=\"has-text-align-center\"> Extrait du CD Fr\u00e9d\u00e9ric Chopin jazz project. <\/p>\n\n\n\n<figure class=\"wp-block-video\"><video controls src=\"http:\/\/www.frederic-chopin-jazz.com\/mf628434-ovh\/wp-content\/uploads\/2020\/02\/FCJP.mp4\"><\/video><\/figure>\n\n\n\n<div class=\"wp-block-image\"><figure class=\"aligncenter size-large\"><img loading=\"lazy\" width=\"220\" height=\"297\" src=\"http:\/\/www.frederic-chopin-jazz.com\/mf628434-ovh\/wp-content\/uploads\/2020\/02\/220px-Chopin_by_Wodzinska.jpg\" alt=\"Fr\u00e9d\u00e9ric Chopin jazz project, photo de Fr\u00e9d\u00e9ric Chopin sur la page d'accueil du site Fr\u00e9d\u00e9ric-Chopin-jazz.com\" class=\"wp-image-288\"\/><\/figure><\/div>\n","protected":false},"excerpt":{"rendered":"<p>PLONGER AU C\u0152UR DE LA MUSIQUE DE FR\u00c9D\u00c9RIC CHOPIN, VOYAGER ENTRE LES NOTES, JOUER AVEC LES RYTHMES ET SE LAISSER PORTER PAR L&rsquo;IMPROVISATION. Claudio Celada (piano) Jean Cortes (contrebasse, arrangements) Piero iannetti (batterie, percussions). La musique de Chopin est un puits intarissable pour un trio de jazz. Tout est l\u00e0. L\u2019harmonie color\u00e9e d\u2019une incroyable modernit\u00e9, &hellip; <\/p>\n<p class=\"link-more\"><a href=\"https:\/\/www.frederic-chopin-jazz.com\/mf628434-ovh\/\" class=\"more-link\">Continue reading<span class=\"screen-reader-text\"> \u00ab\u00a0\u00a0\u00bb<\/span><\/a><\/p>\n","protected":false},"author":1,"featured_media":7,"parent":0,"menu_order":0,"comment_status":"closed","ping_status":"closed","template":"","meta":{"spay_email":""},"aioseo_notices":[],"_links":{"self":[{"href":"https:\/\/www.frederic-chopin-jazz.com\/mf628434-ovh\/index.php?rest_route=\/wp\/v2\/pages\/105"}],"collection":[{"href":"https:\/\/www.frederic-chopin-jazz.com\/mf628434-ovh\/index.php?rest_route=\/wp\/v2\/pages"}],"about":[{"href":"https:\/\/www.frederic-chopin-jazz.com\/mf628434-ovh\/index.php?rest_route=\/wp\/v2\/types\/page"}],"author":[{"embeddable":true,"href":"https:\/\/www.frederic-chopin-jazz.com\/mf628434-ovh\/index.php?rest_route=\/wp\/v2\/users\/1"}],"replies":[{"embeddable":true,"href":"https:\/\/www.frederic-chopin-jazz.com\/mf628434-ovh\/index.php?rest_route=%2Fwp%2Fv2%2Fcomments&post=105"}],"version-history":[{"count":16,"href":"https:\/\/www.frederic-chopin-jazz.com\/mf628434-ovh\/index.php?rest_route=\/wp\/v2\/pages\/105\/revisions"}],"predecessor-version":[{"id":424,"href":"https:\/\/www.frederic-chopin-jazz.com\/mf628434-ovh\/index.php?rest_route=\/wp\/v2\/pages\/105\/revisions\/424"}],"wp:featuredmedia":[{"embeddable":true,"href":"https:\/\/www.frederic-chopin-jazz.com\/mf628434-ovh\/index.php?rest_route=\/wp\/v2\/media\/7"}],"wp:attachment":[{"href":"https:\/\/www.frederic-chopin-jazz.com\/mf628434-ovh\/index.php?rest_route=%2Fwp%2Fv2%2Fmedia&parent=105"}],"curies":[{"name":"wp","href":"https:\/\/api.w.org\/{rel}","templated":true}]}}